{"id":1613,"date":"2019-05-14T12:09:39","date_gmt":"2019-05-14T10:09:39","guid":{"rendered":"https:\/\/www.residencedolores.com\/offerte\/"},"modified":"2019-06-20T11:37:24","modified_gmt":"2019-06-20T09:37:24","slug":"angebote","status":"publish","type":"page","link":"https:\/\/www.residencedolores.com\/de\/angebote\/","title":{"rendered":"Angebote"},"content":{"rendered":"<p>[vc_row full_width=&#8221;stretch_row_content_no_spaces&#8221; background_position=&#8221;center center&#8221; css=&#8221;.vc_custom_1561023862130{padding-top: 150px !important;padding-bottom: 300px !important;background-image: url(https:\/\/www.residencedolores.com\/wp-content\/uploads\/header_offerte.jpg?id=1614) !important;background-position: center !important;background-repeat: no-repeat !important;background-size: cover !important;}&#8221;][vc_column][vc_empty_space height=&#8221;10px&#8221;][\/vc_column][\/vc_row][vc_row full_width=&#8221;stretch_row_content_no_spaces&#8221;][vc_column]\r\n            <div class=\"wave-area\">\r\n                <div class=\"wave-block wave-block-69fc53d6ce3b3 wave-style6\"><\/div>\r\n            <\/div>\r\n        \r\n        [\/vc_column][\/vc_row][vc_row][vc_column][vc_column_text]<\/p>\n<h3 class=\"titpag\">Unsere Angebote<\/h3>\n<p>Direktbuchung mit garantiert bestem Preis.<br \/>\nInformieren Sie sich \u00fcber unsere Angebote f\u00fcr die Nebensaison und bleiben Sie \u00fcber unsere Last-Minute-Angebote auf dem Laufenden.<br \/>\nSonderangebote mit Erm\u00e4\u00dfigungen auf F\u00e4hrtickets bei Direktbuchung.[\/vc_column_text]<div class=\"blog-items row blog-type-grid blog-offerte cols-3\"><article class=\"blog-item category-news-de with-image col-xs-12 col-sm-6 col-md-4\"><div class=\"wrap \"><div class=\"img\"><a href=\"https:\/\/www.residencedolores.com\/de\/news-de\/ricarica-auto-elettriche\/\" style=\"background-image: url(https:\/\/www.residencedolores.com\/wp-content\/uploads\/news_colonnina.jpg);\"><\/a><\/div><div class=\"content\"><h6><a href=\"https:\/\/www.residencedolores.com\/de\/news-de\/ricarica-auto-elettriche\/\">Laden von Elektroautos<\/a><\/h6><div class=\"text\">Neu f\u00fcr 2024: Ladestation f\u00fcr Elektroautos.<\/div><a href=\"https:\/\/www.residencedolores.com\/de\/news-de\/ricarica-auto-elettriche\/\" class=\"button-style2 readmore-link\"><span>Read More<\/span><\/a><a href=\"#\" class=\"zilla-likes\" id=\"zilla-likes-2031\" title=\"Like this\" data-postfix=\" like\"><i class=\"material-design-icon-favorite-heart-outline-button\"><\/i> <span>0<span> likes<\/span><\/span><\/a><\/div><\/div><\/article><article class=\"blog-item category-angebote with-image col-xs-12 col-sm-6 col-md-4\"><div class=\"wrap \"><div class=\"img\"><a href=\"https:\/\/www.residencedolores.com\/de\/angebote\/fruehbucherangebot\/\" style=\"background-image: url(https:\/\/www.residencedolores.com\/wp-content\/uploads\/offerta_02.jpg);\"><\/a><\/div><div class=\"content\"><h6><a href=\"https:\/\/www.residencedolores.com\/de\/angebote\/fruehbucherangebot\/\">Fr\u00fchbucherangebot<\/a><\/h6><div class=\"text\">Spezielle Fr\u00fchbucher-Rabatte f\u00fcr Aufenthalte ab 10 N\u00e4chten. Es gibt auch M\u00f6glichkeit die Aufenthaltsdauer frei zu w\u00e4hlen.<br \/><br \/>Die Residenzleistungen...<\/div><a href=\"https:\/\/www.residencedolores.com\/de\/angebote\/fruehbucherangebot\/\" class=\"button-style2 readmore-link\"><span>Read More<\/span><\/a><a href=\"#\" class=\"zilla-likes\" id=\"zilla-likes-1552\" title=\"Like this\" data-postfix=\" likes\"><i class=\"material-design-icon-favorite-heart-outline-button\"><\/i> <span>5<span> likes<\/span><\/span><\/a><\/div><\/div><\/article><article class=\"blog-item category-angebote with-image col-xs-12 col-sm-6 col-md-4\"><div class=\"wrap \"><div class=\"img\"><a href=\"https:\/\/www.residencedolores.com\/de\/angebote\/faehrenrabatt\/\" style=\"background-image: url(https:\/\/www.residencedolores.com\/wp-content\/uploads\/offerta_03.jpg);\"><\/a><\/div><div class=\"content\"><h6><a href=\"https:\/\/www.residencedolores.com\/de\/angebote\/faehrenrabatt\/\">F\u00e4hrenrabatt<\/a><\/h6><div class=\"text\">F\u00e4hrenrabatt f\u00fcr unsere Kunden.<\/div><a href=\"https:\/\/www.residencedolores.com\/de\/angebote\/faehrenrabatt\/\" class=\"button-style2 readmore-link\"><span>Read More<\/span><\/a><a href=\"#\" class=\"zilla-likes\" id=\"zilla-likes-1564\" title=\"Like this\" data-postfix=\" likes\"><i class=\"material-design-icon-favorite-heart-outline-button\"><\/i> <span>2<span> likes<\/span><\/span><\/a><\/div><\/div><\/article><\/div>[\/vc_column][\/vc_row]<\/p>\n","protected":false},"excerpt":{"rendered":"<p>[vc_row full_width=&#8221;stretch_row_content_no_spaces&#8221; background_position=&#8221;center center&#8221; css=&#8221;.vc_custom_1561023862130{padding-top: 150px !important;padding-bottom: 300px !important;background-image: url(https:\/\/www.residencedolores.com\/wp-content\/uploads\/header_offerte.jpg?id=1614) !important;background-position: center !important;background-repeat: no-repeat !important;background-size: cover !important;}&#8221;][vc_column][vc_empty_space height=&#8221;10px&#8221;][\/vc_column][\/vc_row][vc_row full_width=&#8221;stretch_row_content_no_spaces&#8221;][vc_column][\/vc_column][\/vc_row][vc_row][vc_column][vc_column_text] Unsere Angebote Direktbuchung mit garantiert bestem Preis. Informieren Sie sich \u00fcber unsere Angebote f\u00fcr die Nebensaison und bleiben Sie \u00fcber unsere Last-Minute-Angebote auf dem Laufenden. Sonderangebote mit Erm\u00e4\u00dfigungen auf F\u00e4hrtickets bei Direktbuchung.[\/vc_column_text][\/vc_column][\/vc_row]<\/p>\n","protected":false},"author":1,"featured_media":0,"parent":0,"menu_order":5,"comment_status":"closed","ping_status":"closed","template":"","meta":{"_acf_changed":false,"footnotes":""},"class_list":["post-1613","page","type-page","status-publish","hentry"],"acf":[],"yoast_head":"<!-- This site is optimized with the Yoast SEO plugin v26.4 - https:\/\/yoast.com\/wordpress\/plugins\/seo\/ -->\n<title>Angebote - Residence Dolores - Campo nell&#039;Elba, Insel Elba<\/title>\n<meta name=\"description\" content=\"Direktbuchung mit garantiert bestem Preis. Informieren Sie sich \u00fcber unsere Angebote f\u00fcr die Nebensaison und bleiben Sie \u00fcber unsere Last-Minute-Angebote auf dem Laufenden.\" \/>\n<meta name=\"robots\" content=\"index, follow, max-snippet:-1, max-image-preview:large, max-video-preview:-1\" \/>\n<link rel=\"canonical\" href=\"https:\/\/www.residencedolores.com\/de\/angebote\/\" \/>\n<meta property=\"og:locale\" content=\"de_DE\" \/>\n<meta property=\"og:type\" content=\"article\" \/>\n<meta property=\"og:title\" content=\"Angebote - Residence Dolores - Campo nell&#039;Elba, Insel Elba\" \/>\n<meta property=\"og:description\" content=\"Direktbuchung mit garantiert bestem Preis. Informieren Sie sich \u00fcber unsere Angebote f\u00fcr die Nebensaison und bleiben Sie \u00fcber unsere Last-Minute-Angebote auf dem Laufenden.\" \/>\n<meta property=\"og:url\" content=\"https:\/\/www.residencedolores.com\/de\/angebote\/\" \/>\n<meta property=\"og:site_name\" content=\"Residence Dolores\" \/>\n<meta property=\"article:modified_time\" content=\"2019-06-20T09:37:24+00:00\" \/>\n<meta name=\"twitter:card\" content=\"summary_large_image\" \/>\n<meta name=\"twitter:label1\" content=\"Gesch\u00e4tzte Lesezeit\" \/>\n\t<meta name=\"twitter:data1\" content=\"1\u00a0Minute\" \/>\n<script type=\"application\/ld+json\" class=\"yoast-schema-graph\">{\"@context\":\"https:\/\/schema.org\",\"@graph\":[{\"@type\":\"WebPage\",\"@id\":\"https:\/\/www.residencedolores.com\/de\/angebote\/\",\"url\":\"https:\/\/www.residencedolores.com\/de\/angebote\/\",\"name\":\"Angebote - Residence Dolores - Campo nell'Elba, Insel Elba\",\"isPartOf\":{\"@id\":\"https:\/\/www.residencedolores.com\/de\/#website\"},\"datePublished\":\"2019-05-14T10:09:39+00:00\",\"dateModified\":\"2019-06-20T09:37:24+00:00\",\"description\":\"Direktbuchung mit garantiert bestem Preis. Informieren Sie sich \u00fcber unsere Angebote f\u00fcr die Nebensaison und bleiben Sie \u00fcber unsere Last-Minute-Angebote auf dem Laufenden.\",\"breadcrumb\":{\"@id\":\"https:\/\/www.residencedolores.com\/de\/angebote\/#breadcrumb\"},\"inLanguage\":\"de\",\"potentialAction\":[{\"@type\":\"ReadAction\",\"target\":[\"https:\/\/www.residencedolores.com\/de\/angebote\/\"]}]},{\"@type\":\"BreadcrumbList\",\"@id\":\"https:\/\/www.residencedolores.com\/de\/angebote\/#breadcrumb\",\"itemListElement\":[{\"@type\":\"ListItem\",\"position\":1,\"name\":\"Home\",\"item\":\"https:\/\/www.residencedolores.com\/de\/\"},{\"@type\":\"ListItem\",\"position\":2,\"name\":\"Angebote\"}]},{\"@type\":\"WebSite\",\"@id\":\"https:\/\/www.residencedolores.com\/de\/#website\",\"url\":\"https:\/\/www.residencedolores.com\/de\/\",\"name\":\"Residence Dolores\",\"description\":\"Residence a Campo nell&#039;Elba\",\"potentialAction\":[{\"@type\":\"SearchAction\",\"target\":{\"@type\":\"EntryPoint\",\"urlTemplate\":\"https:\/\/www.residencedolores.com\/de\/?s={search_term_string}\"},\"query-input\":{\"@type\":\"PropertyValueSpecification\",\"valueRequired\":true,\"valueName\":\"search_term_string\"}}],\"inLanguage\":\"de\"}]}<\/script>\n<!-- \/ Yoast SEO plugin. -->","yoast_head_json":{"title":"Angebote - Residence Dolores - Campo nell'Elba, Insel Elba","description":"Direktbuchung mit garantiert bestem Preis. Informieren Sie sich \u00fcber unsere Angebote f\u00fcr die Nebensaison und bleiben Sie \u00fcber unsere Last-Minute-Angebote auf dem Laufenden.","robots":{"index":"index","follow":"follow","max-snippet":"max-snippet:-1","max-image-preview":"max-image-preview:large","max-video-preview":"max-video-preview:-1"},"canonical":"https:\/\/www.residencedolores.com\/de\/angebote\/","og_locale":"de_DE","og_type":"article","og_title":"Angebote - Residence Dolores - Campo nell'Elba, Insel Elba","og_description":"Direktbuchung mit garantiert bestem Preis. Informieren Sie sich \u00fcber unsere Angebote f\u00fcr die Nebensaison und bleiben Sie \u00fcber unsere Last-Minute-Angebote auf dem Laufenden.","og_url":"https:\/\/www.residencedolores.com\/de\/angebote\/","og_site_name":"Residence Dolores","article_modified_time":"2019-06-20T09:37:24+00:00","twitter_card":"summary_large_image","twitter_misc":{"Gesch\u00e4tzte Lesezeit":"1\u00a0Minute"},"schema":{"@context":"https:\/\/schema.org","@graph":[{"@type":"WebPage","@id":"https:\/\/www.residencedolores.com\/de\/angebote\/","url":"https:\/\/www.residencedolores.com\/de\/angebote\/","name":"Angebote - Residence Dolores - Campo nell'Elba, Insel Elba","isPartOf":{"@id":"https:\/\/www.residencedolores.com\/de\/#website"},"datePublished":"2019-05-14T10:09:39+00:00","dateModified":"2019-06-20T09:37:24+00:00","description":"Direktbuchung mit garantiert bestem Preis. Informieren Sie sich \u00fcber unsere Angebote f\u00fcr die Nebensaison und bleiben Sie \u00fcber unsere Last-Minute-Angebote auf dem Laufenden.","breadcrumb":{"@id":"https:\/\/www.residencedolores.com\/de\/angebote\/#breadcrumb"},"inLanguage":"de","potentialAction":[{"@type":"ReadAction","target":["https:\/\/www.residencedolores.com\/de\/angebote\/"]}]},{"@type":"BreadcrumbList","@id":"https:\/\/www.residencedolores.com\/de\/angebote\/#breadcrumb","itemListElement":[{"@type":"ListItem","position":1,"name":"Home","item":"https:\/\/www.residencedolores.com\/de\/"},{"@type":"ListItem","position":2,"name":"Angebote"}]},{"@type":"WebSite","@id":"https:\/\/www.residencedolores.com\/de\/#website","url":"https:\/\/www.residencedolores.com\/de\/","name":"Residence Dolores","description":"Residence a Campo nell&#039;Elba","potentialAction":[{"@type":"SearchAction","target":{"@type":"EntryPoint","urlTemplate":"https:\/\/www.residencedolores.com\/de\/?s={search_term_string}"},"query-input":{"@type":"PropertyValueSpecification","valueRequired":true,"valueName":"search_term_string"}}],"inLanguage":"de"}]}},"_links":{"self":[{"href":"https:\/\/www.residencedolores.com\/de\/wp-json\/wp\/v2\/pages\/1613","targetHints":{"allow":["GET"]}}],"collection":[{"href":"https:\/\/www.residencedolores.com\/de\/wp-json\/wp\/v2\/pages"}],"about":[{"href":"https:\/\/www.residencedolores.com\/de\/wp-json\/wp\/v2\/types\/page"}],"author":[{"embeddable":true,"href":"https:\/\/www.residencedolores.com\/de\/wp-json\/wp\/v2\/users\/1"}],"replies":[{"embeddable":true,"href":"https:\/\/www.residencedolores.com\/de\/wp-json\/wp\/v2\/comments?post=1613"}],"version-history":[{"count":3,"href":"https:\/\/www.residencedolores.com\/de\/wp-json\/wp\/v2\/pages\/1613\/revisions"}],"predecessor-version":[{"id":1870,"href":"https:\/\/www.residencedolores.com\/de\/wp-json\/wp\/v2\/pages\/1613\/revisions\/1870"}],"wp:attachment":[{"href":"https:\/\/www.residencedolores.com\/de\/wp-json\/wp\/v2\/media?parent=1613"}],"curies":[{"name":"wp","href":"https:\/\/api.w.org\/{rel}","templated":true}]}}