{"id":1579,"date":"2019-04-29T16:31:10","date_gmt":"2019-04-29T14:31:10","guid":{"rendered":"https:\/\/www.residencedolores.com\/richiesta\/"},"modified":"2019-06-20T11:47:47","modified_gmt":"2019-06-20T09:47:47","slug":"anfordern","status":"publish","type":"page","link":"https:\/\/www.residencedolores.com\/de\/anfordern\/","title":{"rendered":"Anfordern"},"content":{"rendered":"<p>[vc_row full_width=&#8221;stretch_row_content_no_spaces&#8221; background_position=&#8221;center center&#8221; css=&#8221;.vc_custom_1561024449544{padding-top: 150px !important;padding-bottom: 300px !important;background-image: url(https:\/\/www.residencedolores.com\/wp-content\/uploads\/header_richiesta.jpg?id=1829) !important;background-position: center !important;background-repeat: no-repeat !important;background-size: cover !important;}&#8221;][vc_column][vc_empty_space height=&#8221;10px&#8221;][\/vc_column][\/vc_row][vc_row full_width=&#8221;stretch_row_content_no_spaces&#8221;][vc_column]\r\n            <div class=\"wave-area\">\r\n                <div class=\"wave-block wave-block-69fc4f585d270 wave-style6\"><\/div>\r\n            <\/div>\r\n        \r\n        [\/vc_column][\/vc_row][vc_row css=&#8221;.vc_custom_1561024477626{background-image: url(https:\/\/www.residencedolores.com\/wp-content\/uploads\/bg-map.png?id=1580) !important;background-position: center !important;background-repeat: no-repeat !important;background-size: contain !important;}&#8221;][vc_column][vc_column_text]<\/p>\n<h3 class=\"titpag\">Anfordern<\/h3>\n<p>Fordern Sie Informationen oder einfach ein kostenloses Angebot f\u00fcr Ihren Urlaub auf der Insel Elba an. Wir werden uns freuen, Ihnen so schnell wie m\u00f6glich zu antworten. Dank![\/vc_column_text]\n<div class=\"wpcf7 no-js\" id=\"wpcf7-f1572-o1\" lang=\"it-IT\" dir=\"ltr\" data-wpcf7-id=\"1572\">\n<div class=\"screen-reader-response\"><p role=\"status\" aria-live=\"polite\" aria-atomic=\"true\"><\/p> <ul><\/ul><\/div>\n<form action=\"\/de\/wp-json\/wp\/v2\/pages\/1579#wpcf7-f1572-o1\" method=\"post\" class=\"wpcf7-form init wpcf7-acceptance-as-validation\" aria-label=\"Modulo di contatto\" novalidate=\"novalidate\" data-status=\"init\">\n<fieldset class=\"hidden-fields-container\"><input type=\"hidden\" name=\"_wpcf7\" value=\"1572\" \/><input type=\"hidden\" name=\"_wpcf7_version\" value=\"6.1.3\" \/><input type=\"hidden\" name=\"_wpcf7_locale\" value=\"it_IT\" \/><input type=\"hidden\" name=\"_wpcf7_unit_tag\" value=\"wpcf7-f1572-o1\" \/><input type=\"hidden\" name=\"_wpcf7_container_post\" value=\"0\" \/><input type=\"hidden\" name=\"_wpcf7_posted_data_hash\" value=\"\" \/><input type=\"hidden\" name=\"_wpcf7_recaptcha_response\" value=\"\" \/>\n<\/fieldset>\n<div class=\"contact-form-area row\">\n\t<div class=\"col-xs-12 col-sm-6\">\n\t\t<div class=\"input-row with-icon card\">\n\t\t\t<p><span class=\"wpcf7-form-control-wrap\" data-name=\"nome\"><input size=\"40\" maxlength=\"400\" class=\"wpcf7-form-control wpcf7-text wpcf7-validates-as-required style1 name\" aria-required=\"true\" aria-invalid=\"false\" placeholder=\"Name\" value=\"\" type=\"text\" name=\"nome\" \/><\/span>\n\t\t\t<\/p>\n\t\t<\/div>\n\t<\/div>\n\t<div class=\"col-xs-12 col-sm-6\">\n\t\t<div class=\"input-row with-icon card\">\n\t\t\t<p><span class=\"wpcf7-form-control-wrap\" data-name=\"cognome\"><input size=\"40\" maxlength=\"400\" class=\"wpcf7-form-control wpcf7-text wpcf7-validates-as-required style1\" aria-required=\"true\" aria-invalid=\"false\" placeholder=\"Vorname\" value=\"\" type=\"text\" name=\"cognome\" \/><\/span>\n\t\t\t<\/p>\n\t\t<\/div>\n\t<\/div>\n\t<div class=\"col-xs-12 col-sm-6\">\n\t\t<div class=\"input-row with-icon mail\">\n\t\t\t<p><span class=\"wpcf7-form-control-wrap\" data-name=\"mail\"><input size=\"40\" maxlength=\"400\" class=\"wpcf7-form-control wpcf7-email wpcf7-validates-as-required wpcf7-text wpcf7-validates-as-email style1 mail\" aria-required=\"true\" aria-invalid=\"false\" placeholder=\"Email\" value=\"\" type=\"email\" name=\"mail\" \/><\/span>\n\t\t\t<\/p>\n\t\t<\/div>\n\t<\/div>\n\t<div class=\"col-xs-12 col-sm-6\">\n\t\t<div class=\"input-row with-icon phone\">\n\t\t\t<p><span class=\"wpcf7-form-control-wrap\" data-name=\"telefono\"><input size=\"40\" maxlength=\"400\" class=\"wpcf7-form-control wpcf7-text wpcf7-validates-as-required style1 phone\" aria-required=\"true\" aria-invalid=\"false\" placeholder=\"Telefon\" value=\"\" type=\"text\" name=\"telefono\" \/><\/span>\n\t\t\t<\/p>\n\t\t<\/div>\n\t<\/div>\n\t<div class=\"col-xs-12 col-sm-4\">\n\t\t<div class=\"input-row with-icon adult\">\n\t\t\t<p><span class=\"wpcf7-form-control-wrap\" data-name=\"adulti\"><select class=\"wpcf7-form-control wpcf7-select wpcf7-validates-as-required style1 subject\" aria-required=\"true\" aria-invalid=\"false\" name=\"adulti\"><option value=\"Erwachsene\">Erwachsene<\/option><option value=\"1\">1<\/option><option value=\"2\">2<\/option><option value=\"3\">3<\/option><option value=\"4\">4<\/option><option value=\"5\">5<\/option><option value=\"6\">6<\/option><\/select><\/span>\n\t\t\t<\/p>\n\t\t<\/div>\n\t<\/div>\n\t<div class=\"col-xs-12 col-sm-4\">\n\t\t<div class=\"input-row with-icon child\">\n\t\t\t<p><span class=\"wpcf7-form-control-wrap\" data-name=\"bambini\"><select class=\"wpcf7-form-control wpcf7-select wpcf7-validates-as-required style1 subject\" aria-required=\"true\" aria-invalid=\"false\" name=\"bambini\"><option value=\"Kinder\">Kinder<\/option><option value=\"0\">0<\/option><option value=\"1\">1<\/option><option value=\"2\">2<\/option><option value=\"3\">3<\/option><option value=\"4\">4<\/option><\/select><\/span>\n\t\t\t<\/p>\n\t\t<\/div>\n\t<\/div>\n\t<div class=\"col-xs-12 col-sm-4\">\n\t\t<div class=\"input-row with-icon build\">\n\t\t\t<p><span class=\"wpcf7-form-control-wrap\" data-name=\"appartamento\"><select class=\"wpcf7-form-control wpcf7-select wpcf7-validates-as-required style1 subject\" aria-required=\"true\" aria-invalid=\"false\" name=\"appartamento\"><option value=\"Wohnung\">Wohnung<\/option><option value=\"Alle\">Alle<\/option><option value=\"Ein-zimmer Wohnung Dolores\">Ein-zimmer Wohnung Dolores<\/option><option value=\"Ein-zimmer Wohnung Castle\">Ein-zimmer Wohnung Castle<\/option><option value=\"Zwei-zimmer Wohnung Dolores\">Zwei-zimmer Wohnung Dolores<\/option><option value=\"Zwei-zimmer Wohnung Castle\">Zwei-zimmer Wohnung Castle<\/option><option value=\"Drei-zimmer Wohnung Dolores\">Drei-zimmer Wohnung Dolores<\/option><option value=\"Zimmer Castle\">Zimmer Castle<\/option><\/select><\/span>\n\t\t\t<\/p>\n\t\t<\/div>\n\t<\/div>\n\t<div class=\"col-xs-12 col-sm-6\">\n\t\t<div class=\"input-row with-icon calendar\">\n\t\t\t<p><span class=\"wpcf7-form-control-wrap\" data-name=\"arrivo\"><input size=\"40\" maxlength=\"400\" class=\"wpcf7-form-control wpcf7-text wpcf7-validates-as-required style1\" aria-required=\"true\" aria-invalid=\"false\" placeholder=\"Anreisedatum\" value=\"\" type=\"text\" name=\"arrivo\" \/><\/span>\n\t\t\t<\/p>\n\t\t<\/div>\n\t<\/div>\n\t<div class=\"col-xs-12 col-sm-6\">\n\t\t<div class=\"input-row with-icon calendar\">\n\t\t\t<p><span class=\"wpcf7-form-control-wrap\" data-name=\"partenza\"><input size=\"40\" maxlength=\"400\" class=\"wpcf7-form-control wpcf7-text wpcf7-validates-as-required style1\" aria-required=\"true\" aria-invalid=\"false\" placeholder=\"Abreisedatum\" value=\"\" type=\"text\" name=\"partenza\" \/><\/span>\n\t\t\t<\/p>\n\t\t<\/div>\n\t<\/div>\n\t<div class=\"col-xs-12\">\n\t\t<div class=\"input-row with-icon pencil\">\n\t\t\t<p><span class=\"wpcf7-form-control-wrap\" data-name=\"note\"><textarea cols=\"40\" rows=\"4\" maxlength=\"2000\" class=\"wpcf7-form-control wpcf7-textarea style1 text\" aria-invalid=\"false\" placeholder=\"Geben Sie Ihre Nachricht ein\" name=\"note\"><\/textarea><\/span>\n\t\t\t<\/p>\n\t\t<\/div>\n\t<\/div>\n\t<div class=\"col-xs-12\" style=\"font-size:13px; text-align:left; color:#4b4c58; padding:0 30px;\">\n\t\t<p>Wir informieren Sie, dass die Daten, die Sie zur Verf\u00fcgung stellen, auf computergest\u00fctzte Weise in \u00dcbereinstimmung mit den in der geltenden Datenschutzgesetzgebung (EU-Verordnung Nr. 679 von 2016) festgelegten Grunds\u00e4tzen verarbeitet werden, um die angeforderten Informationen zu liefern und schlie\u00dflich Best\u00e4tigen Sie die Buchung von Zimmern und anderen Dienstleistungen. Die vollst\u00e4ndigen Informationen \u00fcber die Methoden und Zwecke der durchgef\u00fchrten Handlungen sind in den Datenschutzrichtlinien enthalten. Man kann jedoch jederzeit die L\u00f6schung seiner Daten verlangen. Bitte beachten Sie auch, dass Sie, um mit der Verarbeitung personenbezogener Daten einverstanden zu sein, mindestens 16 Jahre alt sein m\u00fcssen.\n\t\t<\/p>\n\t<\/div>\n\t<div class=\"col-xs-12\" style=\"text-align:left; margin-top:10px; margin-bottom:30px; color:#4b4c58;\">\n\t\t<p><span class=\"wpcf7-form-control-wrap\" data-name=\"privacy\"><span class=\"wpcf7-form-control wpcf7-acceptance\"><span class=\"wpcf7-list-item\"><input type=\"checkbox\" name=\"privacy\" value=\"1\" aria-invalid=\"false\" \/><\/span><\/span><\/span> Ich best\u00e4tige die oben genannten Informationen.\n\t\t<\/p>\n\t<\/div>\n\t<div class=\"col-xs-12\">\n\t\t<p><input class=\"wpcf7-form-control wpcf7-submit has-spinner button-style3\" type=\"submit\" value=\"ANFRAGE SENDEN\" \/>\n\t\t<\/p>\n\t<\/div>\n<\/div><input type='hidden' class='wpcf7-pum' value='{\"closepopup\":false,\"closedelay\":0,\"openpopup\":false,\"openpopup_id\":0}' \/><div class=\"wpcf7-response-output\" aria-hidden=\"true\"><\/div>\n<\/form>\n<\/div>\n[\/vc_column][\/vc_row]<\/p>\n","protected":false},"excerpt":{"rendered":"<p>[vc_row full_width=&#8221;stretch_row_content_no_spaces&#8221; background_position=&#8221;center center&#8221; css=&#8221;.vc_custom_1561024449544{padding-top: 150px !important;padding-bottom: 300px !important;background-image: url(https:\/\/www.residencedolores.com\/wp-content\/uploads\/header_richiesta.jpg?id=1829) !important;background-position: center !important;background-repeat: no-repeat !important;background-size: cover !important;}&#8221;][vc_column][vc_empty_space height=&#8221;10px&#8221;][\/vc_column][\/vc_row][vc_row full_width=&#8221;stretch_row_content_no_spaces&#8221;][vc_column][\/vc_column][\/vc_row][vc_row css=&#8221;.vc_custom_1561024477626{background-image: url(https:\/\/www.residencedolores.com\/wp-content\/uploads\/bg-map.png?id=1580) !important;background-position: center !important;background-repeat: no-repeat !important;background-size: contain !important;}&#8221;][vc_column][vc_column_text] Anfordern Fordern Sie Informationen oder einfach ein kostenloses Angebot f\u00fcr Ihren Urlaub auf der Insel Elba an. Wir werden uns freuen, Ihnen so schnell wie m\u00f6glich zu [&hellip;]<\/p>\n","protected":false},"author":1,"featured_media":0,"parent":0,"menu_order":6,"comment_status":"closed","ping_status":"closed","template":"","meta":{"_acf_changed":false,"footnotes":""},"class_list":["post-1579","page","type-page","status-publish","hentry"],"acf":[],"yoast_head":"<!-- This site is optimized with the Yoast SEO plugin v26.4 - https:\/\/yoast.com\/wordpress\/plugins\/seo\/ -->\n<title>Anfordern - Residence Dolores - Campo nell&#039;Elba, Insel Elba<\/title>\n<meta name=\"description\" content=\"Fordern Sie Informationen oder einfach ein kostenloses Angebot f\u00fcr Ihren Urlaub auf der Insel Elba an. Wir werden uns freuen, Ihnen so schnell wie m\u00f6glich zu antworten. Dank!\" \/>\n<meta name=\"robots\" content=\"index, follow, max-snippet:-1, max-image-preview:large, max-video-preview:-1\" \/>\n<link rel=\"canonical\" href=\"https:\/\/www.residencedolores.com\/de\/anfordern\/\" \/>\n<meta property=\"og:locale\" content=\"de_DE\" \/>\n<meta property=\"og:type\" content=\"article\" \/>\n<meta property=\"og:title\" content=\"Anfordern - Residence Dolores - Campo nell&#039;Elba, Insel Elba\" \/>\n<meta property=\"og:description\" content=\"Fordern Sie Informationen oder einfach ein kostenloses Angebot f\u00fcr Ihren Urlaub auf der Insel Elba an. Wir werden uns freuen, Ihnen so schnell wie m\u00f6glich zu antworten. Dank!\" \/>\n<meta property=\"og:url\" content=\"https:\/\/www.residencedolores.com\/de\/anfordern\/\" \/>\n<meta property=\"og:site_name\" content=\"Residence Dolores\" \/>\n<meta property=\"article:modified_time\" content=\"2019-06-20T09:47:47+00:00\" \/>\n<meta name=\"twitter:card\" content=\"summary_large_image\" \/>\n<meta name=\"twitter:label1\" content=\"Gesch\u00e4tzte Lesezeit\" \/>\n\t<meta name=\"twitter:data1\" content=\"1\u00a0Minute\" \/>\n<script type=\"application\/ld+json\" class=\"yoast-schema-graph\">{\"@context\":\"https:\/\/schema.org\",\"@graph\":[{\"@type\":\"WebPage\",\"@id\":\"https:\/\/www.residencedolores.com\/de\/anfordern\/\",\"url\":\"https:\/\/www.residencedolores.com\/de\/anfordern\/\",\"name\":\"Anfordern - Residence Dolores - Campo nell'Elba, Insel Elba\",\"isPartOf\":{\"@id\":\"https:\/\/www.residencedolores.com\/de\/#website\"},\"datePublished\":\"2019-04-29T14:31:10+00:00\",\"dateModified\":\"2019-06-20T09:47:47+00:00\",\"description\":\"Fordern Sie Informationen oder einfach ein kostenloses Angebot f\u00fcr Ihren Urlaub auf der Insel Elba an. Wir werden uns freuen, Ihnen so schnell wie m\u00f6glich zu antworten. Dank!\",\"breadcrumb\":{\"@id\":\"https:\/\/www.residencedolores.com\/de\/anfordern\/#breadcrumb\"},\"inLanguage\":\"de\",\"potentialAction\":[{\"@type\":\"ReadAction\",\"target\":[\"https:\/\/www.residencedolores.com\/de\/anfordern\/\"]}]},{\"@type\":\"BreadcrumbList\",\"@id\":\"https:\/\/www.residencedolores.com\/de\/anfordern\/#breadcrumb\",\"itemListElement\":[{\"@type\":\"ListItem\",\"position\":1,\"name\":\"Home\",\"item\":\"https:\/\/www.residencedolores.com\/de\/\"},{\"@type\":\"ListItem\",\"position\":2,\"name\":\"Anfordern\"}]},{\"@type\":\"WebSite\",\"@id\":\"https:\/\/www.residencedolores.com\/de\/#website\",\"url\":\"https:\/\/www.residencedolores.com\/de\/\",\"name\":\"Residence Dolores\",\"description\":\"Residence a Campo nell&#039;Elba\",\"potentialAction\":[{\"@type\":\"SearchAction\",\"target\":{\"@type\":\"EntryPoint\",\"urlTemplate\":\"https:\/\/www.residencedolores.com\/de\/?s={search_term_string}\"},\"query-input\":{\"@type\":\"PropertyValueSpecification\",\"valueRequired\":true,\"valueName\":\"search_term_string\"}}],\"inLanguage\":\"de\"}]}<\/script>\n<!-- \/ Yoast SEO plugin. -->","yoast_head_json":{"title":"Anfordern - Residence Dolores - Campo nell'Elba, Insel Elba","description":"Fordern Sie Informationen oder einfach ein kostenloses Angebot f\u00fcr Ihren Urlaub auf der Insel Elba an. Wir werden uns freuen, Ihnen so schnell wie m\u00f6glich zu antworten. Dank!","robots":{"index":"index","follow":"follow","max-snippet":"max-snippet:-1","max-image-preview":"max-image-preview:large","max-video-preview":"max-video-preview:-1"},"canonical":"https:\/\/www.residencedolores.com\/de\/anfordern\/","og_locale":"de_DE","og_type":"article","og_title":"Anfordern - Residence Dolores - Campo nell'Elba, Insel Elba","og_description":"Fordern Sie Informationen oder einfach ein kostenloses Angebot f\u00fcr Ihren Urlaub auf der Insel Elba an. Wir werden uns freuen, Ihnen so schnell wie m\u00f6glich zu antworten. Dank!","og_url":"https:\/\/www.residencedolores.com\/de\/anfordern\/","og_site_name":"Residence Dolores","article_modified_time":"2019-06-20T09:47:47+00:00","twitter_card":"summary_large_image","twitter_misc":{"Gesch\u00e4tzte Lesezeit":"1\u00a0Minute"},"schema":{"@context":"https:\/\/schema.org","@graph":[{"@type":"WebPage","@id":"https:\/\/www.residencedolores.com\/de\/anfordern\/","url":"https:\/\/www.residencedolores.com\/de\/anfordern\/","name":"Anfordern - Residence Dolores - Campo nell'Elba, Insel Elba","isPartOf":{"@id":"https:\/\/www.residencedolores.com\/de\/#website"},"datePublished":"2019-04-29T14:31:10+00:00","dateModified":"2019-06-20T09:47:47+00:00","description":"Fordern Sie Informationen oder einfach ein kostenloses Angebot f\u00fcr Ihren Urlaub auf der Insel Elba an. Wir werden uns freuen, Ihnen so schnell wie m\u00f6glich zu antworten. Dank!","breadcrumb":{"@id":"https:\/\/www.residencedolores.com\/de\/anfordern\/#breadcrumb"},"inLanguage":"de","potentialAction":[{"@type":"ReadAction","target":["https:\/\/www.residencedolores.com\/de\/anfordern\/"]}]},{"@type":"BreadcrumbList","@id":"https:\/\/www.residencedolores.com\/de\/anfordern\/#breadcrumb","itemListElement":[{"@type":"ListItem","position":1,"name":"Home","item":"https:\/\/www.residencedolores.com\/de\/"},{"@type":"ListItem","position":2,"name":"Anfordern"}]},{"@type":"WebSite","@id":"https:\/\/www.residencedolores.com\/de\/#website","url":"https:\/\/www.residencedolores.com\/de\/","name":"Residence Dolores","description":"Residence a Campo nell&#039;Elba","potentialAction":[{"@type":"SearchAction","target":{"@type":"EntryPoint","urlTemplate":"https:\/\/www.residencedolores.com\/de\/?s={search_term_string}"},"query-input":{"@type":"PropertyValueSpecification","valueRequired":true,"valueName":"search_term_string"}}],"inLanguage":"de"}]}},"_links":{"self":[{"href":"https:\/\/www.residencedolores.com\/de\/wp-json\/wp\/v2\/pages\/1579","targetHints":{"allow":["GET"]}}],"collection":[{"href":"https:\/\/www.residencedolores.com\/de\/wp-json\/wp\/v2\/pages"}],"about":[{"href":"https:\/\/www.residencedolores.com\/de\/wp-json\/wp\/v2\/types\/page"}],"author":[{"embeddable":true,"href":"https:\/\/www.residencedolores.com\/de\/wp-json\/wp\/v2\/users\/1"}],"replies":[{"embeddable":true,"href":"https:\/\/www.residencedolores.com\/de\/wp-json\/wp\/v2\/comments?post=1579"}],"version-history":[{"count":3,"href":"https:\/\/www.residencedolores.com\/de\/wp-json\/wp\/v2\/pages\/1579\/revisions"}],"predecessor-version":[{"id":1875,"href":"https:\/\/www.residencedolores.com\/de\/wp-json\/wp\/v2\/pages\/1579\/revisions\/1875"}],"wp:attachment":[{"href":"https:\/\/www.residencedolores.com\/de\/wp-json\/wp\/v2\/media?parent=1579"}],"curies":[{"name":"wp","href":"https:\/\/api.w.org\/{rel}","templated":true}]}}