{"id":1476,"date":"2019-04-19T11:42:46","date_gmt":"2019-04-19T09:42:46","guid":{"rendered":"https:\/\/www.residencedolores.com\/wo-wir-sind\/marina-di-campo\/"},"modified":"2019-06-20T11:22:00","modified_gmt":"2019-06-20T09:22:00","slug":"marina-di-campo","status":"publish","type":"page","link":"https:\/\/www.residencedolores.com\/de\/wo-wir-sind\/marina-di-campo\/","title":{"rendered":"Marina di Campo"},"content":{"rendered":"<p>[vc_row full_width=&#8221;stretch_row_content_no_spaces&#8221; background_position=&#8221;center center&#8221; css=&#8221;.vc_custom_1561022927986{padding-top: 150px !important;padding-bottom: 300px !important;background-image: url(https:\/\/www.residencedolores.com\/wp-content\/uploads\/header_marinadicampo.jpg?id=1477) !important;background-position: center !important;background-repeat: no-repeat !important;background-size: cover !important;}&#8221;][vc_column][vc_empty_space height=&#8221;10px&#8221;][\/vc_column][\/vc_row][vc_row full_width=&#8221;stretch_row_content_no_spaces&#8221;][vc_column]\r\n            <div class=\"wave-area\">\r\n                <div class=\"wave-block wave-block-69fc4f14175c9 wave-style6\"><\/div>\r\n            <\/div>\r\n        \r\n        [\/vc_column][\/vc_row][vc_row][vc_column][vc_column_text]<\/p>\n<h3 class=\"titpag\">Marina di Campo<\/h3>\n<p>Die Ressidence Dolores ist eine Oase der Ruhe. Der Sandstrand von Marina di Campo erreichen Sie in 5 Minuten mit dem Fahrrad, was wir gratis anbieten.<\/p>\n<p>Dieser Sandstrand ist der Gr\u00f6sste Strand von der Insel Elba, mit Restaurant, Badeanstalten und auch freien Zonen und ist Ideal f\u00fcr Familien mit Kindern. Das Dorf von Marina di Campo ist das bekannteste der Insel und hat in der N\u00e4he ein paar der sch\u00f6nsten Str\u00e4nde von Italien, wie zum Beispiel der Strand von Fetovaia und Cavoli. Auch der Strand von Procchio ist schnell erreichbar, sowie der wilde Strand von Fonza.<\/p>\n<p>Ressidence Dolores heisst hohe Urlaubsqualit\u00e4t in Wohnungen, bequem relaxen in einem Famili\u00e4ren Ambiete mit bestem Service.<\/p>\n<p>F\u00fcr unsere Kunden bieten wir eine Reseption f\u00fcr Informationen und Empfehlungen.[\/vc_column_text][\/vc_column][\/vc_row]<\/p>\n","protected":false},"excerpt":{"rendered":"<p>[vc_row full_width=&#8221;stretch_row_content_no_spaces&#8221; background_position=&#8221;center center&#8221; css=&#8221;.vc_custom_1561022927986{padding-top: 150px !important;padding-bottom: 300px !important;background-image: url(https:\/\/www.residencedolores.com\/wp-content\/uploads\/header_marinadicampo.jpg?id=1477) !important;background-position: center !important;background-repeat: no-repeat !important;background-size: cover !important;}&#8221;][vc_column][vc_empty_space height=&#8221;10px&#8221;][\/vc_column][\/vc_row][vc_row full_width=&#8221;stretch_row_content_no_spaces&#8221;][vc_column][\/vc_column][\/vc_row][vc_row][vc_column][vc_column_text] Marina di Campo Die Ressidence Dolores ist eine Oase der Ruhe. Der Sandstrand von Marina di Campo erreichen Sie in 5 Minuten mit dem Fahrrad, was wir gratis anbieten. Dieser Sandstrand ist der Gr\u00f6sste Strand von [&hellip;]<\/p>\n","protected":false},"author":1,"featured_media":0,"parent":1464,"menu_order":1,"comment_status":"closed","ping_status":"closed","template":"","meta":{"_acf_changed":false,"footnotes":""},"class_list":["post-1476","page","type-page","status-publish","hentry"],"acf":[],"yoast_head":"<!-- This site is optimized with the Yoast SEO plugin v26.4 - https:\/\/yoast.com\/wordpress\/plugins\/seo\/ -->\n<title>Marina di Campo, Insel Elba - Residence Dolores<\/title>\n<meta name=\"description\" content=\"Die Ressidence Dolores ist eine Oase der Ruhe. Der Sandstrand von Marina di Campo erreichen Sie in 5 Minuten mit dem Fahrrad, was wir gratis anbieten.\" \/>\n<meta name=\"robots\" content=\"index, follow, max-snippet:-1, max-image-preview:large, max-video-preview:-1\" \/>\n<link rel=\"canonical\" href=\"https:\/\/www.residencedolores.com\/de\/wo-wir-sind\/marina-di-campo\/\" \/>\n<meta property=\"og:locale\" content=\"de_DE\" \/>\n<meta property=\"og:type\" content=\"article\" \/>\n<meta property=\"og:title\" content=\"Marina di Campo, Insel Elba - Residence Dolores\" \/>\n<meta property=\"og:description\" content=\"Die Ressidence Dolores ist eine Oase der Ruhe. Der Sandstrand von Marina di Campo erreichen Sie in 5 Minuten mit dem Fahrrad, was wir gratis anbieten.\" \/>\n<meta property=\"og:url\" content=\"https:\/\/www.residencedolores.com\/de\/wo-wir-sind\/marina-di-campo\/\" \/>\n<meta property=\"og:site_name\" content=\"Residence Dolores\" \/>\n<meta property=\"article:modified_time\" content=\"2019-06-20T09:22:00+00:00\" \/>\n<meta name=\"twitter:card\" content=\"summary_large_image\" \/>\n<meta name=\"twitter:label1\" content=\"Gesch\u00e4tzte Lesezeit\" \/>\n\t<meta name=\"twitter:data1\" content=\"1\u00a0Minute\" \/>\n<script type=\"application\/ld+json\" class=\"yoast-schema-graph\">{\"@context\":\"https:\/\/schema.org\",\"@graph\":[{\"@type\":\"WebPage\",\"@id\":\"https:\/\/www.residencedolores.com\/de\/wo-wir-sind\/marina-di-campo\/\",\"url\":\"https:\/\/www.residencedolores.com\/de\/wo-wir-sind\/marina-di-campo\/\",\"name\":\"Marina di Campo, Insel Elba - Residence Dolores\",\"isPartOf\":{\"@id\":\"https:\/\/www.residencedolores.com\/de\/#website\"},\"datePublished\":\"2019-04-19T09:42:46+00:00\",\"dateModified\":\"2019-06-20T09:22:00+00:00\",\"description\":\"Die Ressidence Dolores ist eine Oase der Ruhe. Der Sandstrand von Marina di Campo erreichen Sie in 5 Minuten mit dem Fahrrad, was wir gratis anbieten.\",\"breadcrumb\":{\"@id\":\"https:\/\/www.residencedolores.com\/de\/wo-wir-sind\/marina-di-campo\/#breadcrumb\"},\"inLanguage\":\"de\",\"potentialAction\":[{\"@type\":\"ReadAction\",\"target\":[\"https:\/\/www.residencedolores.com\/de\/wo-wir-sind\/marina-di-campo\/\"]}]},{\"@type\":\"BreadcrumbList\",\"@id\":\"https:\/\/www.residencedolores.com\/de\/wo-wir-sind\/marina-di-campo\/#breadcrumb\",\"itemListElement\":[{\"@type\":\"ListItem\",\"position\":1,\"name\":\"Home\",\"item\":\"https:\/\/www.residencedolores.com\/de\/\"},{\"@type\":\"ListItem\",\"position\":2,\"name\":\"Wo Wir Sind\",\"item\":\"https:\/\/www.residencedolores.com\/de\/wo-wir-sind\/\"},{\"@type\":\"ListItem\",\"position\":3,\"name\":\"Marina di Campo\"}]},{\"@type\":\"WebSite\",\"@id\":\"https:\/\/www.residencedolores.com\/de\/#website\",\"url\":\"https:\/\/www.residencedolores.com\/de\/\",\"name\":\"Residence Dolores\",\"description\":\"Residence a Campo nell&#039;Elba\",\"potentialAction\":[{\"@type\":\"SearchAction\",\"target\":{\"@type\":\"EntryPoint\",\"urlTemplate\":\"https:\/\/www.residencedolores.com\/de\/?s={search_term_string}\"},\"query-input\":{\"@type\":\"PropertyValueSpecification\",\"valueRequired\":true,\"valueName\":\"search_term_string\"}}],\"inLanguage\":\"de\"}]}<\/script>\n<!-- \/ Yoast SEO plugin. -->","yoast_head_json":{"title":"Marina di Campo, Insel Elba - Residence Dolores","description":"Die Ressidence Dolores ist eine Oase der Ruhe. Der Sandstrand von Marina di Campo erreichen Sie in 5 Minuten mit dem Fahrrad, was wir gratis anbieten.","robots":{"index":"index","follow":"follow","max-snippet":"max-snippet:-1","max-image-preview":"max-image-preview:large","max-video-preview":"max-video-preview:-1"},"canonical":"https:\/\/www.residencedolores.com\/de\/wo-wir-sind\/marina-di-campo\/","og_locale":"de_DE","og_type":"article","og_title":"Marina di Campo, Insel Elba - Residence Dolores","og_description":"Die Ressidence Dolores ist eine Oase der Ruhe. Der Sandstrand von Marina di Campo erreichen Sie in 5 Minuten mit dem Fahrrad, was wir gratis anbieten.","og_url":"https:\/\/www.residencedolores.com\/de\/wo-wir-sind\/marina-di-campo\/","og_site_name":"Residence Dolores","article_modified_time":"2019-06-20T09:22:00+00:00","twitter_card":"summary_large_image","twitter_misc":{"Gesch\u00e4tzte Lesezeit":"1\u00a0Minute"},"schema":{"@context":"https:\/\/schema.org","@graph":[{"@type":"WebPage","@id":"https:\/\/www.residencedolores.com\/de\/wo-wir-sind\/marina-di-campo\/","url":"https:\/\/www.residencedolores.com\/de\/wo-wir-sind\/marina-di-campo\/","name":"Marina di Campo, Insel Elba - Residence Dolores","isPartOf":{"@id":"https:\/\/www.residencedolores.com\/de\/#website"},"datePublished":"2019-04-19T09:42:46+00:00","dateModified":"2019-06-20T09:22:00+00:00","description":"Die Ressidence Dolores ist eine Oase der Ruhe. Der Sandstrand von Marina di Campo erreichen Sie in 5 Minuten mit dem Fahrrad, was wir gratis anbieten.","breadcrumb":{"@id":"https:\/\/www.residencedolores.com\/de\/wo-wir-sind\/marina-di-campo\/#breadcrumb"},"inLanguage":"de","potentialAction":[{"@type":"ReadAction","target":["https:\/\/www.residencedolores.com\/de\/wo-wir-sind\/marina-di-campo\/"]}]},{"@type":"BreadcrumbList","@id":"https:\/\/www.residencedolores.com\/de\/wo-wir-sind\/marina-di-campo\/#breadcrumb","itemListElement":[{"@type":"ListItem","position":1,"name":"Home","item":"https:\/\/www.residencedolores.com\/de\/"},{"@type":"ListItem","position":2,"name":"Wo Wir Sind","item":"https:\/\/www.residencedolores.com\/de\/wo-wir-sind\/"},{"@type":"ListItem","position":3,"name":"Marina di Campo"}]},{"@type":"WebSite","@id":"https:\/\/www.residencedolores.com\/de\/#website","url":"https:\/\/www.residencedolores.com\/de\/","name":"Residence Dolores","description":"Residence a Campo nell&#039;Elba","potentialAction":[{"@type":"SearchAction","target":{"@type":"EntryPoint","urlTemplate":"https:\/\/www.residencedolores.com\/de\/?s={search_term_string}"},"query-input":{"@type":"PropertyValueSpecification","valueRequired":true,"valueName":"search_term_string"}}],"inLanguage":"de"}]}},"_links":{"self":[{"href":"https:\/\/www.residencedolores.com\/de\/wp-json\/wp\/v2\/pages\/1476","targetHints":{"allow":["GET"]}}],"collection":[{"href":"https:\/\/www.residencedolores.com\/de\/wp-json\/wp\/v2\/pages"}],"about":[{"href":"https:\/\/www.residencedolores.com\/de\/wp-json\/wp\/v2\/types\/page"}],"author":[{"embeddable":true,"href":"https:\/\/www.residencedolores.com\/de\/wp-json\/wp\/v2\/users\/1"}],"replies":[{"embeddable":true,"href":"https:\/\/www.residencedolores.com\/de\/wp-json\/wp\/v2\/comments?post=1476"}],"version-history":[{"count":3,"href":"https:\/\/www.residencedolores.com\/de\/wp-json\/wp\/v2\/pages\/1476\/revisions"}],"predecessor-version":[{"id":1861,"href":"https:\/\/www.residencedolores.com\/de\/wp-json\/wp\/v2\/pages\/1476\/revisions\/1861"}],"up":[{"embeddable":true,"href":"https:\/\/www.residencedolores.com\/de\/wp-json\/wp\/v2\/pages\/1464"}],"wp:attachment":[{"href":"https:\/\/www.residencedolores.com\/de\/wp-json\/wp\/v2\/media?parent=1476"}],"curies":[{"name":"wp","href":"https:\/\/api.w.org\/{rel}","templated":true}]}}