{"id":1464,"date":"2019-04-19T09:33:31","date_gmt":"2019-04-19T07:33:31","guid":{"rendered":"https:\/\/www.residencedolores.com\/dove-siamo\/"},"modified":"2019-06-20T11:18:45","modified_gmt":"2019-06-20T09:18:45","slug":"wo-wir-sind","status":"publish","type":"page","link":"https:\/\/www.residencedolores.com\/de\/wo-wir-sind\/","title":{"rendered":"Wo Wir Sind"},"content":{"rendered":"<p>[vc_row full_width=&#8221;stretch_row_content_no_spaces&#8221; background_position=&#8221;center center&#8221; css=&#8221;.vc_custom_1561022742478{padding-top: 150px !important;padding-bottom: 300px !important;background-image: url(https:\/\/www.residencedolores.com\/wp-content\/uploads\/header_dovesiamo.jpg?id=1465) !important;background-position: center !important;background-repeat: no-repeat !important;background-size: cover !important;}&#8221;][vc_column][vc_empty_space height=&#8221;10px&#8221;][\/vc_column][\/vc_row][vc_row full_width=&#8221;stretch_row_content_no_spaces&#8221;][vc_column]\r\n            <div class=\"wave-area\">\r\n                <div class=\"wave-block wave-block-69fc4ef1c7346 wave-style6\"><\/div>\r\n            <\/div>\r\n        \r\n        [\/vc_column][\/vc_row][vc_row][vc_column][vc_column_text]<\/p>\n<h3 class=\"titpag\">Wo Wir Sind<\/h3>\n<p>Residence Dolores befindet sich in Loc. Bonalaccia in der Gemeinde Campo nell&#8217;Elba, die in der Mitte Elbas an der S\u00fcdk\u00fcste liegt. Um zu uns zu kommen, fahren Sie f\u00fcr 1 Stunde mit der F\u00e4hre von Piombino nach Portoferraio. Von Portoferraio aus fahren Sie den Schildern (Marina di Campo, 17km) nach. 2km nach Procchio sehen Sie auf der rechten Seite die Tankstelle API, vor dieser Tankstelle biegen Sie links ab. Auf dieser Flughafenumfahrungsstrasse gelangen Sie nach 2km zu uns. Wir sind auf der rechtsen Strassenseite.<\/p>\n<p>Mit dieser Satelitenkarte finden Sie den Weg zu uns.[\/vc_column_text]<div class=\"map square\" id=\"map-69fc4ef1c7363\" style=\"width: 100%; height: 400px;\"><\/div>[\/vc_column][\/vc_row]<\/p>\n","protected":false},"excerpt":{"rendered":"<p>[vc_row full_width=&#8221;stretch_row_content_no_spaces&#8221; background_position=&#8221;center center&#8221; css=&#8221;.vc_custom_1561022742478{padding-top: 150px !important;padding-bottom: 300px !important;background-image: url(https:\/\/www.residencedolores.com\/wp-content\/uploads\/header_dovesiamo.jpg?id=1465) !important;background-position: center !important;background-repeat: no-repeat !important;background-size: cover !important;}&#8221;][vc_column][vc_empty_space height=&#8221;10px&#8221;][\/vc_column][\/vc_row][vc_row full_width=&#8221;stretch_row_content_no_spaces&#8221;][vc_column][\/vc_column][\/vc_row][vc_row][vc_column][vc_column_text] Wo Wir Sind Residence Dolores befindet sich in Loc. Bonalaccia in der Gemeinde Campo nell&#8217;Elba, die in der Mitte Elbas an der S\u00fcdk\u00fcste liegt. Um zu uns zu kommen, fahren Sie f\u00fcr 1 Stunde mit der [&hellip;]<\/p>\n","protected":false},"author":1,"featured_media":0,"parent":0,"menu_order":2,"comment_status":"closed","ping_status":"closed","template":"","meta":{"_acf_changed":false,"footnotes":""},"class_list":["post-1464","page","type-page","status-publish","hentry"],"acf":[],"yoast_head":"<!-- This site is optimized with the Yoast SEO plugin v26.4 - https:\/\/yoast.com\/wordpress\/plugins\/seo\/ -->\n<title>Wo Wir Sind - Residence Dolores - Campo nell&#039;Elba, Insel Elba<\/title>\n<meta name=\"description\" content=\"Residence Dolores befindet sich in Loc. Bonalaccia in der Gemeinde Campo nell&#039;Elba, die in der Mitte Elbas an der S\u00fcdk\u00fcste liegt.\" \/>\n<meta name=\"robots\" content=\"index, follow, max-snippet:-1, max-image-preview:large, max-video-preview:-1\" \/>\n<link rel=\"canonical\" href=\"https:\/\/www.residencedolores.com\/de\/wo-wir-sind\/\" \/>\n<meta property=\"og:locale\" content=\"de_DE\" \/>\n<meta property=\"og:type\" content=\"article\" \/>\n<meta property=\"og:title\" content=\"Wo Wir Sind - Residence Dolores - Campo nell&#039;Elba, Insel Elba\" \/>\n<meta property=\"og:description\" content=\"Residence Dolores befindet sich in Loc. Bonalaccia in der Gemeinde Campo nell&#039;Elba, die in der Mitte Elbas an der S\u00fcdk\u00fcste liegt.\" \/>\n<meta property=\"og:url\" content=\"https:\/\/www.residencedolores.com\/de\/wo-wir-sind\/\" \/>\n<meta property=\"og:site_name\" content=\"Residence Dolores\" \/>\n<meta property=\"article:modified_time\" content=\"2019-06-20T09:18:45+00:00\" \/>\n<meta name=\"twitter:card\" content=\"summary_large_image\" \/>\n<meta name=\"twitter:label1\" content=\"Gesch\u00e4tzte Lesezeit\" \/>\n\t<meta name=\"twitter:data1\" content=\"1\u00a0Minute\" \/>\n<script type=\"application\/ld+json\" class=\"yoast-schema-graph\">{\"@context\":\"https:\/\/schema.org\",\"@graph\":[{\"@type\":\"WebPage\",\"@id\":\"https:\/\/www.residencedolores.com\/de\/wo-wir-sind\/\",\"url\":\"https:\/\/www.residencedolores.com\/de\/wo-wir-sind\/\",\"name\":\"Wo Wir Sind - Residence Dolores - Campo nell'Elba, Insel Elba\",\"isPartOf\":{\"@id\":\"https:\/\/www.residencedolores.com\/de\/#website\"},\"datePublished\":\"2019-04-19T07:33:31+00:00\",\"dateModified\":\"2019-06-20T09:18:45+00:00\",\"description\":\"Residence Dolores befindet sich in Loc. Bonalaccia in der Gemeinde Campo nell'Elba, die in der Mitte Elbas an der S\u00fcdk\u00fcste liegt.\",\"breadcrumb\":{\"@id\":\"https:\/\/www.residencedolores.com\/de\/wo-wir-sind\/#breadcrumb\"},\"inLanguage\":\"de\",\"potentialAction\":[{\"@type\":\"ReadAction\",\"target\":[\"https:\/\/www.residencedolores.com\/de\/wo-wir-sind\/\"]}]},{\"@type\":\"BreadcrumbList\",\"@id\":\"https:\/\/www.residencedolores.com\/de\/wo-wir-sind\/#breadcrumb\",\"itemListElement\":[{\"@type\":\"ListItem\",\"position\":1,\"name\":\"Home\",\"item\":\"https:\/\/www.residencedolores.com\/de\/\"},{\"@type\":\"ListItem\",\"position\":2,\"name\":\"Wo Wir Sind\"}]},{\"@type\":\"WebSite\",\"@id\":\"https:\/\/www.residencedolores.com\/de\/#website\",\"url\":\"https:\/\/www.residencedolores.com\/de\/\",\"name\":\"Residence Dolores\",\"description\":\"Residence a Campo nell&#039;Elba\",\"potentialAction\":[{\"@type\":\"SearchAction\",\"target\":{\"@type\":\"EntryPoint\",\"urlTemplate\":\"https:\/\/www.residencedolores.com\/de\/?s={search_term_string}\"},\"query-input\":{\"@type\":\"PropertyValueSpecification\",\"valueRequired\":true,\"valueName\":\"search_term_string\"}}],\"inLanguage\":\"de\"}]}<\/script>\n<!-- \/ Yoast SEO plugin. -->","yoast_head_json":{"title":"Wo Wir Sind - Residence Dolores - Campo nell'Elba, Insel Elba","description":"Residence Dolores befindet sich in Loc. Bonalaccia in der Gemeinde Campo nell'Elba, die in der Mitte Elbas an der S\u00fcdk\u00fcste liegt.","robots":{"index":"index","follow":"follow","max-snippet":"max-snippet:-1","max-image-preview":"max-image-preview:large","max-video-preview":"max-video-preview:-1"},"canonical":"https:\/\/www.residencedolores.com\/de\/wo-wir-sind\/","og_locale":"de_DE","og_type":"article","og_title":"Wo Wir Sind - Residence Dolores - Campo nell'Elba, Insel Elba","og_description":"Residence Dolores befindet sich in Loc. Bonalaccia in der Gemeinde Campo nell'Elba, die in der Mitte Elbas an der S\u00fcdk\u00fcste liegt.","og_url":"https:\/\/www.residencedolores.com\/de\/wo-wir-sind\/","og_site_name":"Residence Dolores","article_modified_time":"2019-06-20T09:18:45+00:00","twitter_card":"summary_large_image","twitter_misc":{"Gesch\u00e4tzte Lesezeit":"1\u00a0Minute"},"schema":{"@context":"https:\/\/schema.org","@graph":[{"@type":"WebPage","@id":"https:\/\/www.residencedolores.com\/de\/wo-wir-sind\/","url":"https:\/\/www.residencedolores.com\/de\/wo-wir-sind\/","name":"Wo Wir Sind - Residence Dolores - Campo nell'Elba, Insel Elba","isPartOf":{"@id":"https:\/\/www.residencedolores.com\/de\/#website"},"datePublished":"2019-04-19T07:33:31+00:00","dateModified":"2019-06-20T09:18:45+00:00","description":"Residence Dolores befindet sich in Loc. Bonalaccia in der Gemeinde Campo nell'Elba, die in der Mitte Elbas an der S\u00fcdk\u00fcste liegt.","breadcrumb":{"@id":"https:\/\/www.residencedolores.com\/de\/wo-wir-sind\/#breadcrumb"},"inLanguage":"de","potentialAction":[{"@type":"ReadAction","target":["https:\/\/www.residencedolores.com\/de\/wo-wir-sind\/"]}]},{"@type":"BreadcrumbList","@id":"https:\/\/www.residencedolores.com\/de\/wo-wir-sind\/#breadcrumb","itemListElement":[{"@type":"ListItem","position":1,"name":"Home","item":"https:\/\/www.residencedolores.com\/de\/"},{"@type":"ListItem","position":2,"name":"Wo Wir Sind"}]},{"@type":"WebSite","@id":"https:\/\/www.residencedolores.com\/de\/#website","url":"https:\/\/www.residencedolores.com\/de\/","name":"Residence Dolores","description":"Residence a Campo nell&#039;Elba","potentialAction":[{"@type":"SearchAction","target":{"@type":"EntryPoint","urlTemplate":"https:\/\/www.residencedolores.com\/de\/?s={search_term_string}"},"query-input":{"@type":"PropertyValueSpecification","valueRequired":true,"valueName":"search_term_string"}}],"inLanguage":"de"}]}},"_links":{"self":[{"href":"https:\/\/www.residencedolores.com\/de\/wp-json\/wp\/v2\/pages\/1464","targetHints":{"allow":["GET"]}}],"collection":[{"href":"https:\/\/www.residencedolores.com\/de\/wp-json\/wp\/v2\/pages"}],"about":[{"href":"https:\/\/www.residencedolores.com\/de\/wp-json\/wp\/v2\/types\/page"}],"author":[{"embeddable":true,"href":"https:\/\/www.residencedolores.com\/de\/wp-json\/wp\/v2\/users\/1"}],"replies":[{"embeddable":true,"href":"https:\/\/www.residencedolores.com\/de\/wp-json\/wp\/v2\/comments?post=1464"}],"version-history":[{"count":4,"href":"https:\/\/www.residencedolores.com\/de\/wp-json\/wp\/v2\/pages\/1464\/revisions"}],"predecessor-version":[{"id":1858,"href":"https:\/\/www.residencedolores.com\/de\/wp-json\/wp\/v2\/pages\/1464\/revisions\/1858"}],"wp:attachment":[{"href":"https:\/\/www.residencedolores.com\/de\/wp-json\/wp\/v2\/media?parent=1464"}],"curies":[{"name":"wp","href":"https:\/\/api.w.org\/{rel}","templated":true}]}}