{"id":1454,"date":"2019-04-15T17:14:32","date_gmt":"2019-04-15T15:14:32","guid":{"rendered":"https:\/\/www.residencedolores.com\/appartamenti\/"},"modified":"2019-06-20T11:15:09","modified_gmt":"2019-06-20T09:15:09","slug":"wohnungen","status":"publish","type":"page","link":"https:\/\/www.residencedolores.com\/de\/wohnungen\/","title":{"rendered":"Wohnungen"},"content":{"rendered":"<p>[vc_row full_width=&#8221;stretch_row_content_no_spaces&#8221; background_position=&#8221;center center&#8221; css=&#8221;.vc_custom_1561022520259{padding-top: 150px !important;padding-bottom: 300px !important;background-image: url(https:\/\/www.residencedolores.com\/wp-content\/uploads\/header_appartamenti.jpg?id=1455) !important;background-position: center !important;background-repeat: no-repeat !important;background-size: cover !important;}&#8221;][vc_column][vc_empty_space height=&#8221;10px&#8221;][\/vc_column][\/vc_row][vc_row full_width=&#8221;stretch_row_content_no_spaces&#8221;][vc_column]\r\n            <div class=\"wave-area\">\r\n                <div class=\"wave-block wave-block-69fc4f2591f30 wave-style6\"><\/div>\r\n            <\/div>\r\n        \r\n        [\/vc_column][\/vc_row][vc_row][vc_column][vc_column_text]<\/p>\n<h3 class=\"titpag\">Die Wohnungen<\/h3>\n<p>In der N\u00e4he von Marina di Campo und 1 km vom Sandstrand befindet sich Residence Dolores in Loc. Bonalaccia. Die Residence Dolores besteht aus zwei Strukturen.<\/p>\n<p><strong>Die eine<\/strong> (&#8220;Dolores&#8221;) ist von 1996 mit Monolokal und Bilokal mit 35m2. Im Erdgeschoss befinden sich die Bilokal. Stock und haben ein Zimmer mit Kaih\u00fcttenbett und ein Sofabett. Eine kleine K\u00fcche mit Balkon. Die Monolokale befinden sich auf dem 1 mit Doppelbetzimmer, kleiner K\u00fcche und Terrasse.<\/p>\n<p><strong>Die zweite<\/strong> (&#8220;Castle&#8221;) wurde 2008 neu renoviert. Der Architektonische Stil ist typisch Rustico Toscana und ist in verschiedenen Wohnungen aufgeteilt. Bilokal im Erdgeschoss und Monolokal im 1. Stock. Das neue Geb\u00e4ude &#8220;Residence Castle&#8221; ist sehr sch\u00f6n und komfortabel eingerichtet. Die Zimmer fassen maximum 5 Personen pro Apartment. In Jeder Wohnung befindet sich eine wundersch\u00f6ne offene K\u00fcche, Bad mit Dusche und grossz\u00fcgige Zimmer mit grossen Fenstern. Jeder hat seinen eigenen Eingang mit Aussensitzplatz.[\/vc_column_text][vc_column_text css=&#8221;.vc_custom_1559050638690{padding-top: 20px !important;}&#8221;]<\/p>\n<h5>Service<\/h5>\n<p>Wir bieten Ihnen gratis eine grosse Gartenanlagen, Terrassen\/Balkone ideal zum Speisen, Beachvolleyplatz, Kinderspielplatz, Pool, Wirlpool, BBQ, Fahrr\u00e4der, Reseption, bedeckter Parkplatz.<br \/>\nF\u00fcr ungef\u00e4hr 20 Euro bieten wir Extraservice wie zum Beispiel Waschmaschienen und W\u00e4schelieferung.[\/vc_column_text][\/vc_column][\/vc_row]<\/p>\n","protected":false},"excerpt":{"rendered":"<p>[vc_row full_width=&#8221;stretch_row_content_no_spaces&#8221; background_position=&#8221;center center&#8221; css=&#8221;.vc_custom_1561022520259{padding-top: 150px !important;padding-bottom: 300px !important;background-image: url(https:\/\/www.residencedolores.com\/wp-content\/uploads\/header_appartamenti.jpg?id=1455) !important;background-position: center !important;background-repeat: no-repeat !important;background-size: cover !important;}&#8221;][vc_column][vc_empty_space height=&#8221;10px&#8221;][\/vc_column][\/vc_row][vc_row full_width=&#8221;stretch_row_content_no_spaces&#8221;][vc_column][\/vc_column][\/vc_row][vc_row][vc_column][vc_column_text] Die Wohnungen In der N\u00e4he von Marina di Campo und 1 km vom Sandstrand befindet sich Residence Dolores in Loc. Bonalaccia. Die Residence Dolores besteht aus zwei Strukturen. Die eine (&#8220;Dolores&#8221;) ist von 1996 mit Monolokal [&hellip;]<\/p>\n","protected":false},"author":1,"featured_media":0,"parent":0,"menu_order":1,"comment_status":"closed","ping_status":"closed","template":"","meta":{"_acf_changed":false,"footnotes":""},"class_list":["post-1454","page","type-page","status-publish","hentry"],"acf":[],"yoast_head":"<!-- This site is optimized with the Yoast SEO plugin v26.4 - https:\/\/yoast.com\/wordpress\/plugins\/seo\/ -->\n<title>Wohnungen - Residence Dolores - Campo nell&#039;Elba, Insel Elba<\/title>\n<meta name=\"description\" content=\"In der N\u00e4he von Marina di Campo und 1 km vom Sandstrand befindet sich Residence Dolores in Loc. Bonalaccia. Die Residence Dolores besteht aus zwei Strukturen.\" \/>\n<meta name=\"robots\" content=\"index, follow, max-snippet:-1, max-image-preview:large, max-video-preview:-1\" \/>\n<link rel=\"canonical\" href=\"https:\/\/www.residencedolores.com\/de\/wohnungen\/\" \/>\n<meta property=\"og:locale\" content=\"de_DE\" \/>\n<meta property=\"og:type\" content=\"article\" \/>\n<meta property=\"og:title\" content=\"Wohnungen - Residence Dolores - Campo nell&#039;Elba, Insel Elba\" \/>\n<meta property=\"og:description\" content=\"In der N\u00e4he von Marina di Campo und 1 km vom Sandstrand befindet sich Residence Dolores in Loc. Bonalaccia. Die Residence Dolores besteht aus zwei Strukturen.\" \/>\n<meta property=\"og:url\" content=\"https:\/\/www.residencedolores.com\/de\/wohnungen\/\" \/>\n<meta property=\"og:site_name\" content=\"Residence Dolores\" \/>\n<meta property=\"article:modified_time\" content=\"2019-06-20T09:15:09+00:00\" \/>\n<meta name=\"twitter:card\" content=\"summary_large_image\" \/>\n<meta name=\"twitter:label1\" content=\"Gesch\u00e4tzte Lesezeit\" \/>\n\t<meta name=\"twitter:data1\" content=\"1\u00a0Minute\" \/>\n<script type=\"application\/ld+json\" class=\"yoast-schema-graph\">{\"@context\":\"https:\/\/schema.org\",\"@graph\":[{\"@type\":\"WebPage\",\"@id\":\"https:\/\/www.residencedolores.com\/de\/wohnungen\/\",\"url\":\"https:\/\/www.residencedolores.com\/de\/wohnungen\/\",\"name\":\"Wohnungen - Residence Dolores - Campo nell'Elba, Insel Elba\",\"isPartOf\":{\"@id\":\"https:\/\/www.residencedolores.com\/de\/#website\"},\"datePublished\":\"2019-04-15T15:14:32+00:00\",\"dateModified\":\"2019-06-20T09:15:09+00:00\",\"description\":\"In der N\u00e4he von Marina di Campo und 1 km vom Sandstrand befindet sich Residence Dolores in Loc. Bonalaccia. Die Residence Dolores besteht aus zwei Strukturen.\",\"breadcrumb\":{\"@id\":\"https:\/\/www.residencedolores.com\/de\/wohnungen\/#breadcrumb\"},\"inLanguage\":\"de\",\"potentialAction\":[{\"@type\":\"ReadAction\",\"target\":[\"https:\/\/www.residencedolores.com\/de\/wohnungen\/\"]}]},{\"@type\":\"BreadcrumbList\",\"@id\":\"https:\/\/www.residencedolores.com\/de\/wohnungen\/#breadcrumb\",\"itemListElement\":[{\"@type\":\"ListItem\",\"position\":1,\"name\":\"Home\",\"item\":\"https:\/\/www.residencedolores.com\/de\/\"},{\"@type\":\"ListItem\",\"position\":2,\"name\":\"Wohnungen\"}]},{\"@type\":\"WebSite\",\"@id\":\"https:\/\/www.residencedolores.com\/de\/#website\",\"url\":\"https:\/\/www.residencedolores.com\/de\/\",\"name\":\"Residence Dolores\",\"description\":\"Residence a Campo nell&#039;Elba\",\"potentialAction\":[{\"@type\":\"SearchAction\",\"target\":{\"@type\":\"EntryPoint\",\"urlTemplate\":\"https:\/\/www.residencedolores.com\/de\/?s={search_term_string}\"},\"query-input\":{\"@type\":\"PropertyValueSpecification\",\"valueRequired\":true,\"valueName\":\"search_term_string\"}}],\"inLanguage\":\"de\"}]}<\/script>\n<!-- \/ Yoast SEO plugin. -->","yoast_head_json":{"title":"Wohnungen - Residence Dolores - Campo nell'Elba, Insel Elba","description":"In der N\u00e4he von Marina di Campo und 1 km vom Sandstrand befindet sich Residence Dolores in Loc. Bonalaccia. Die Residence Dolores besteht aus zwei Strukturen.","robots":{"index":"index","follow":"follow","max-snippet":"max-snippet:-1","max-image-preview":"max-image-preview:large","max-video-preview":"max-video-preview:-1"},"canonical":"https:\/\/www.residencedolores.com\/de\/wohnungen\/","og_locale":"de_DE","og_type":"article","og_title":"Wohnungen - Residence Dolores - Campo nell'Elba, Insel Elba","og_description":"In der N\u00e4he von Marina di Campo und 1 km vom Sandstrand befindet sich Residence Dolores in Loc. Bonalaccia. Die Residence Dolores besteht aus zwei Strukturen.","og_url":"https:\/\/www.residencedolores.com\/de\/wohnungen\/","og_site_name":"Residence Dolores","article_modified_time":"2019-06-20T09:15:09+00:00","twitter_card":"summary_large_image","twitter_misc":{"Gesch\u00e4tzte Lesezeit":"1\u00a0Minute"},"schema":{"@context":"https:\/\/schema.org","@graph":[{"@type":"WebPage","@id":"https:\/\/www.residencedolores.com\/de\/wohnungen\/","url":"https:\/\/www.residencedolores.com\/de\/wohnungen\/","name":"Wohnungen - Residence Dolores - Campo nell'Elba, Insel Elba","isPartOf":{"@id":"https:\/\/www.residencedolores.com\/de\/#website"},"datePublished":"2019-04-15T15:14:32+00:00","dateModified":"2019-06-20T09:15:09+00:00","description":"In der N\u00e4he von Marina di Campo und 1 km vom Sandstrand befindet sich Residence Dolores in Loc. Bonalaccia. Die Residence Dolores besteht aus zwei Strukturen.","breadcrumb":{"@id":"https:\/\/www.residencedolores.com\/de\/wohnungen\/#breadcrumb"},"inLanguage":"de","potentialAction":[{"@type":"ReadAction","target":["https:\/\/www.residencedolores.com\/de\/wohnungen\/"]}]},{"@type":"BreadcrumbList","@id":"https:\/\/www.residencedolores.com\/de\/wohnungen\/#breadcrumb","itemListElement":[{"@type":"ListItem","position":1,"name":"Home","item":"https:\/\/www.residencedolores.com\/de\/"},{"@type":"ListItem","position":2,"name":"Wohnungen"}]},{"@type":"WebSite","@id":"https:\/\/www.residencedolores.com\/de\/#website","url":"https:\/\/www.residencedolores.com\/de\/","name":"Residence Dolores","description":"Residence a Campo nell&#039;Elba","potentialAction":[{"@type":"SearchAction","target":{"@type":"EntryPoint","urlTemplate":"https:\/\/www.residencedolores.com\/de\/?s={search_term_string}"},"query-input":{"@type":"PropertyValueSpecification","valueRequired":true,"valueName":"search_term_string"}}],"inLanguage":"de"}]}},"_links":{"self":[{"href":"https:\/\/www.residencedolores.com\/de\/wp-json\/wp\/v2\/pages\/1454","targetHints":{"allow":["GET"]}}],"collection":[{"href":"https:\/\/www.residencedolores.com\/de\/wp-json\/wp\/v2\/pages"}],"about":[{"href":"https:\/\/www.residencedolores.com\/de\/wp-json\/wp\/v2\/types\/page"}],"author":[{"embeddable":true,"href":"https:\/\/www.residencedolores.com\/de\/wp-json\/wp\/v2\/users\/1"}],"replies":[{"embeddable":true,"href":"https:\/\/www.residencedolores.com\/de\/wp-json\/wp\/v2\/comments?post=1454"}],"version-history":[{"count":4,"href":"https:\/\/www.residencedolores.com\/de\/wp-json\/wp\/v2\/pages\/1454\/revisions"}],"predecessor-version":[{"id":1855,"href":"https:\/\/www.residencedolores.com\/de\/wp-json\/wp\/v2\/pages\/1454\/revisions\/1855"}],"wp:attachment":[{"href":"https:\/\/www.residencedolores.com\/de\/wp-json\/wp\/v2\/media?parent=1454"}],"curies":[{"name":"wp","href":"https:\/\/api.w.org\/{rel}","templated":true}]}}